{"id":2822,"date":"2018-12-18T08:53:43","date_gmt":"2018-12-18T08:53:43","guid":{"rendered":"https:\/\/digitalyacht.es\/blog\/?page_id=2822"},"modified":"2024-04-10T16:06:12","modified_gmt":"2024-04-10T14:06:12","slug":"quienes-somos","status":"publish","type":"page","link":"https:\/\/digitalyacht.es\/blog\/quienes-somos\/","title":{"rendered":"Qui\u00e9nes somos"},"content":{"rendered":"\t<div class=\"cnvs-block-section cnvs-block-section-1712127494381 cnvs-block-section-layout-full cnvs-block-section-fullwidth\" >\n\t\t<div class=\"cnvs-block-section-outer\" style=\"\">\n\t\t\t<div class=\"cnvs-block-section-inner\">\n\t\t\t\t\n\n<div class=\"cnvs-block-section-content cnvs-block-section-content-1712127501616\" >\n\t<div class=\"cnvs-block-section-content-inner\">\n\t\t\n\n<h2 class=\"wp-block-heading\">Sobre nosotros<\/h2>\n\n\n\n<p>Digital Yacht es la \u00faltima generaci\u00f3n en sistemas de navegaci\u00f3n, comunicaci\u00f3n y entretenimiento para su embarcaci\u00f3n. Creemos que la navegaci\u00f3n deber\u00eda ser una actividad segura, sencilla y divertida. Por ello, ofrecemos productos que se integran perfectamente a los sistemas de red de las embarcaciones con el fin de traer una nueva dimensi\u00f3n a la electr\u00f3nica &nbsp;de su embarcaci\u00f3n.<\/p>\n\n\n\n<p>Igualmente, creemos firmemente que dispositivos de uso cotidiano como pueden ser iPhones, tablets, PCs o MACs no solo tienen un lugar a bordo, sino que adem\u00e1s pueden ayudar a que viejos sistemas de navegaci\u00f3n puedan competir con la \u00faltima tecnolog\u00eda en productos electr\u00f3nicos marinos especializados a un coste mucho menor. Desde Digital Yacht, hacemos que el acceso a internet sea f\u00e1cil y asequible, llevando todos los datos de navegaci\u00f3n a aquellos dispositivos que utiliza d\u00eda a d\u00eda. Adem\u00e1s, dicho acceso a internet puede ser compartido con su tripulaci\u00f3n o todo aquel que se encuentren en su embarcaci\u00f3n.<\/p>\n\n\n\n<p>Nuestros sistemas de navegaci\u00f3n cubren tecnolog\u00eda avanzada de GPS y comp\u00e1s, as\u00ed como la gama m\u00e1s completa de productos AIS en el mercado. Adem\u00e1s, nuestros ordenadores marinos y softwares brindan soluciones simples pero potentes a diferentes necesidades que aparecen cuando se est\u00e1 a bordo; desde comunicaci\u00f3n hasta navegaci\u00f3n, pasando por entretenimiento y monitoreo.<\/p>\n\n\n\n<p>Nuestro equipo de dise\u00f1o cuenta con 100 a\u00f1os de experiencia en sistemas electr\u00f3nicos marinos y una amplia herencia de calidad en la fabricaci\u00f3n de nuestros productos en Reino Unido. Igualmente contamos con una amplia presencia internacional con oficinas en EEUU y China, as\u00ed como una amplia red de ventas en m\u00e1s de 100 pa\u00edses en todo el mundo.<\/p>\n\n\n\n<h2 class=\"wp-block-heading\"><strong>Tecnolog\u00eda y fabricaci\u00f3n<\/strong><\/h2>\n\n\n\n<p>Estamos orgullosos de ser parte de una revoluci\u00f3n en la fabricaci\u00f3n de alta tecnolog\u00eda e intentamos ir siempre un paso por delante ofreciendo innovadores productos \u00fanicos en el mercado. Nuestra tecnolog\u00eda abarca sensores especializados de posicionamiento y rumbo, receptores y transponedores AIS Clase A y B, redes NMEA, sistemas de navegaci\u00f3n, comunicaci\u00f3n inal\u00e1mbrica, internet a bordo y sistemas de control y seguridad.<\/p>\n\n\n\n<p>Nuestra instalaci\u00f3n de I + D est\u00e1 ubicada en Bristol (Reino Unido), contamos con instalaciones de montaje electr\u00f3nico y mec\u00e1nico. Nuestra oficina de ventas y desarrollo se encuentra en Boston (Estados Unidos).<\/p>\n\n\n\n<h2 class=\"wp-block-heading\"><strong><strong>Distribuidores:<\/strong><\/strong><\/h2>\n\n\n\n<p>Si est\u00e1 interesado en distribuir o vender nuestros productos, p\u00f3ngase en contacto con nosotros a trav\u00e9s de:\u00a0<a href=\"mailto:%20comercial@digitalyacht.es\">comercial@digitalyacht.es<\/a><\/p>\n\n\n\n<h2 class=\"wp-block-heading\"><strong><strong><strong>Garant\u00eda:<\/strong><\/strong><\/strong><\/h2>\n\n\n\n<p>Todos nuestros productos tienen una garant\u00eda de 2 a\u00f1os.<\/p>\n\n\t<\/div>\n<\/div>\n\n\t\t\t<\/div>\n\t\t<\/div>\n\t<\/div>\n\n\t","protected":false},"excerpt":{"rendered":"","protected":false},"author":1,"featured_media":0,"parent":0,"menu_order":0,"comment_status":"closed","ping_status":"closed","template":"template-canvas-fullwidth.php","meta":{"iawp_total_views":118,"csco_singular_sidebar":"","csco_page_header_type":"","csco_appearance_masonry":"","csco_page_load_nextpost":"","csco_post_subtitle":"","csco_post_video_location":[],"csco_post_video_location_hash":"","csco_post_video_url":"","csco_post_video_bg_start_time":0,"csco_post_video_bg_end_time":0,"footnotes":""},"class_list":{"0":"post-2822","1":"page","2":"type-page","3":"status-publish","5":"cs-entry","6":"cs-video-wrap"},"yoast_head":"<!-- This site is optimized with the Yoast SEO plugin v27.3 - https:\/\/yoast.com\/product\/yoast-seo-wordpress\/ -->\n<title>Qui\u00e9nes somos - Digital Yacht Spanish Blog<\/title>\n<meta name=\"robots\" content=\"index, follow, max-snippet:-1, max-image-preview:large, max-video-preview:-1\" \/>\n<link rel=\"canonical\" href=\"https:\/\/digitalyacht.es\/blog\/quienes-somos\/\" \/>\n<meta property=\"og:locale\" content=\"es_ES\" \/>\n<meta property=\"og:type\" content=\"article\" \/>\n<meta property=\"og:title\" content=\"Qui\u00e9nes somos - Digital Yacht Spanish Blog\" \/>\n<meta property=\"og:url\" content=\"https:\/\/digitalyacht.es\/blog\/quienes-somos\/\" \/>\n<meta property=\"og:site_name\" content=\"Digital Yacht Spanish Blog\" \/>\n<meta property=\"article:modified_time\" content=\"2024-04-10T14:06:12+00:00\" \/>\n<meta name=\"twitter:card\" content=\"summary_large_image\" \/>\n<meta name=\"twitter:label1\" content=\"Tiempo de lectura\" \/>\n\t<meta name=\"twitter:data1\" content=\"2 minutos\" \/>\n<script type=\"application\/ld+json\" class=\"yoast-schema-graph\">{\"@context\":\"https:\\\/\\\/schema.org\",\"@graph\":[{\"@type\":\"WebPage\",\"@id\":\"https:\\\/\\\/digitalyacht.es\\\/blog\\\/quienes-somos\\\/\",\"url\":\"https:\\\/\\\/digitalyacht.es\\\/blog\\\/quienes-somos\\\/\",\"name\":\"Qui\u00e9nes somos - Digital Yacht Spanish Blog\",\"isPartOf\":{\"@id\":\"https:\\\/\\\/digitalyacht.es\\\/blog\\\/#website\"},\"datePublished\":\"2018-12-18T08:53:43+00:00\",\"dateModified\":\"2024-04-10T14:06:12+00:00\",\"breadcrumb\":{\"@id\":\"https:\\\/\\\/digitalyacht.es\\\/blog\\\/quienes-somos\\\/#breadcrumb\"},\"inLanguage\":\"es\",\"potentialAction\":[{\"@type\":\"ReadAction\",\"target\":[\"https:\\\/\\\/digitalyacht.es\\\/blog\\\/quienes-somos\\\/\"]}]},{\"@type\":\"BreadcrumbList\",\"@id\":\"https:\\\/\\\/digitalyacht.es\\\/blog\\\/quienes-somos\\\/#breadcrumb\",\"itemListElement\":[{\"@type\":\"ListItem\",\"position\":1,\"name\":\"Home\",\"item\":\"https:\\\/\\\/digitalyacht.es\\\/blog\\\/\"},{\"@type\":\"ListItem\",\"position\":2,\"name\":\"Qui\u00e9nes somos\"}]},{\"@type\":\"WebSite\",\"@id\":\"https:\\\/\\\/digitalyacht.es\\\/blog\\\/#website\",\"url\":\"https:\\\/\\\/digitalyacht.es\\\/blog\\\/\",\"name\":\"Digital Yacht Spanish Blog\",\"description\":\"\",\"potentialAction\":[{\"@type\":\"SearchAction\",\"target\":{\"@type\":\"EntryPoint\",\"urlTemplate\":\"https:\\\/\\\/digitalyacht.es\\\/blog\\\/?s={search_term_string}\"},\"query-input\":{\"@type\":\"PropertyValueSpecification\",\"valueRequired\":true,\"valueName\":\"search_term_string\"}}],\"inLanguage\":\"es\"}]}<\/script>\n<!-- \/ Yoast SEO plugin. -->","yoast_head_json":{"title":"Qui\u00e9nes somos - Digital Yacht Spanish Blog","robots":{"index":"index","follow":"follow","max-snippet":"max-snippet:-1","max-image-preview":"max-image-preview:large","max-video-preview":"max-video-preview:-1"},"canonical":"https:\/\/digitalyacht.es\/blog\/quienes-somos\/","og_locale":"es_ES","og_type":"article","og_title":"Qui\u00e9nes somos - Digital Yacht Spanish Blog","og_url":"https:\/\/digitalyacht.es\/blog\/quienes-somos\/","og_site_name":"Digital Yacht Spanish Blog","article_modified_time":"2024-04-10T14:06:12+00:00","twitter_card":"summary_large_image","twitter_misc":{"Tiempo de lectura":"2 minutos"},"schema":{"@context":"https:\/\/schema.org","@graph":[{"@type":"WebPage","@id":"https:\/\/digitalyacht.es\/blog\/quienes-somos\/","url":"https:\/\/digitalyacht.es\/blog\/quienes-somos\/","name":"Qui\u00e9nes somos - Digital Yacht Spanish Blog","isPartOf":{"@id":"https:\/\/digitalyacht.es\/blog\/#website"},"datePublished":"2018-12-18T08:53:43+00:00","dateModified":"2024-04-10T14:06:12+00:00","breadcrumb":{"@id":"https:\/\/digitalyacht.es\/blog\/quienes-somos\/#breadcrumb"},"inLanguage":"es","potentialAction":[{"@type":"ReadAction","target":["https:\/\/digitalyacht.es\/blog\/quienes-somos\/"]}]},{"@type":"BreadcrumbList","@id":"https:\/\/digitalyacht.es\/blog\/quienes-somos\/#breadcrumb","itemListElement":[{"@type":"ListItem","position":1,"name":"Home","item":"https:\/\/digitalyacht.es\/blog\/"},{"@type":"ListItem","position":2,"name":"Qui\u00e9nes somos"}]},{"@type":"WebSite","@id":"https:\/\/digitalyacht.es\/blog\/#website","url":"https:\/\/digitalyacht.es\/blog\/","name":"Digital Yacht Spanish Blog","description":"","potentialAction":[{"@type":"SearchAction","target":{"@type":"EntryPoint","urlTemplate":"https:\/\/digitalyacht.es\/blog\/?s={search_term_string}"},"query-input":{"@type":"PropertyValueSpecification","valueRequired":true,"valueName":"search_term_string"}}],"inLanguage":"es"}]}},"_links":{"self":[{"href":"https:\/\/digitalyacht.es\/blog\/wp-json\/wp\/v2\/pages\/2822","targetHints":{"allow":["GET"]}}],"collection":[{"href":"https:\/\/digitalyacht.es\/blog\/wp-json\/wp\/v2\/pages"}],"about":[{"href":"https:\/\/digitalyacht.es\/blog\/wp-json\/wp\/v2\/types\/page"}],"author":[{"embeddable":true,"href":"https:\/\/digitalyacht.es\/blog\/wp-json\/wp\/v2\/users\/1"}],"replies":[{"embeddable":true,"href":"https:\/\/digitalyacht.es\/blog\/wp-json\/wp\/v2\/comments?post=2822"}],"version-history":[{"count":5,"href":"https:\/\/digitalyacht.es\/blog\/wp-json\/wp\/v2\/pages\/2822\/revisions"}],"predecessor-version":[{"id":12002,"href":"https:\/\/digitalyacht.es\/blog\/wp-json\/wp\/v2\/pages\/2822\/revisions\/12002"}],"wp:attachment":[{"href":"https:\/\/digitalyacht.es\/blog\/wp-json\/wp\/v2\/media?parent=2822"}],"curies":[{"name":"wp","href":"https:\/\/api.w.org\/{rel}","templated":true}]}}