{"id":2831,"date":"2018-12-18T08:59:44","date_gmt":"2018-12-18T08:59:44","guid":{"rendered":"https:\/\/digitalyacht.es\/blog\/?page_id=2831"},"modified":"2025-06-20T06:38:39","modified_gmt":"2025-06-20T04:38:39","slug":"contacto","status":"publish","type":"page","link":"https:\/\/digitalyacht.es\/blog\/contacto\/","title":{"rendered":"Contacto"},"content":{"rendered":"\t<div class=\"cnvs-block-section cnvs-block-section-1712150363052 cnvs-block-section-layout-full cnvs-block-section-fullwidth\" >\n\t\t<div class=\"cnvs-block-section-outer\" style=\"\">\n\t\t\t<div class=\"cnvs-block-section-inner\">\n\t\t\t\t\n\n<div class=\"cnvs-block-section-content cnvs-block-section-content-1712150365431\" >\n\t<div class=\"cnvs-block-section-content-inner\">\n\t\t\n\n<p class=\"has-text-align-center\"><strong>Para asistencia o cualquier pregunta t\u00e9cnica, visite nuestra p\u00e1gina web de soporte t\u00e9cnico en&nbsp;<a href=\"https:\/\/support.digitalyacht.co.uk\/\" target=\"_blank\" rel=\"noreferrer noopener\">https:\/\/support.digitalyacht.co.uk<\/a><\/strong><\/p>\n\n\n\n<div class=\"wp-block-columns is-layout-flex wp-container-core-columns-is-layout-9d6595d7 wp-block-columns-is-layout-flex\">\n<div class=\"wp-block-column is-layout-flow wp-block-column-is-layout-flow\">\n<h2 class=\"cnvs-block-section-heading cnvs-block-section-heading-1712150377218 is-style-cnvs-block-section-heading-2 haligncenter\" >\n\t<span class=\"cnvs-section-title\">\n\t\t<span>United Kingdom<\/span>\n\t<\/span>\n<\/h2>\n\n\n\n<p class=\"has-text-align-center\">6 Farleigh Court<br>Old Weston Rd Flax Bourton<br>Somerset BS48 1UR<br>United Kingdom<\/p>\n\n\n\n<p class=\"has-text-align-center\"><strong><a href=\"mailto:sales@digitalyacht.co.uk\">sales@digitalyacht.co.uk<\/a><\/strong><\/p>\n\n\n\n<p class=\"has-text-align-center\">+44 (0) 117 955 4474<\/p>\n\n\n\n<p class=\"has-text-align-center\"><strong><a href=\"https:\/\/digitalyacht.co.uk\/\" target=\"_blank\" rel=\"noreferrer noopener\">Visitar pagina web<\/a><\/strong><\/p>\n<\/div>\n\n\n\n<div class=\"wp-block-column is-layout-flow wp-block-column-is-layout-flow\">\n<h2 class=\"cnvs-block-section-heading cnvs-block-section-heading-1712150436172 is-style-cnvs-block-section-heading-2 haligncenter\" >\n\t<span class=\"cnvs-section-title\">\n\t\t<span>United States<\/span>\n\t<\/span>\n<\/h2>\n\n\n\n<p class=\"has-text-align-center\">265 Franklin Street Suite 1702<br>MA02110 Boston<br>United States<\/p>\n\n\n\n<p class=\"has-text-align-center\">&nbsp;<strong><a href=\"mailto:sales@digitalyachtamerica.com\">sales@digitalyachtamerica.com<\/a>&nbsp;<\/strong><\/p>\n\n\n\n<p class=\"has-text-align-center\">+1 (0) 978 277 1234<\/p>\n\n\n\n<p class=\"has-text-align-center\"><a href=\"https:\/\/www.digitalyachtamerica.com\/\" target=\"_blank\" rel=\"noreferrer noopener\"><strong>Visitar p\u00e1gina web<\/strong><\/a><\/p>\n<\/div>\n\n\n\n<div class=\"wp-block-column is-layout-flow wp-block-column-is-layout-flow\">\n<h2 class=\"cnvs-block-section-heading cnvs-block-section-heading-1712150471120 is-style-cnvs-block-section-heading-2 haligncenter\" >\n\t<span class=\"cnvs-section-title\">\n\t\t<span>Europa<\/span>\n\t<\/span>\n<\/h2>\n\n\n\n<p class=\"has-text-align-center\">182 Quai George V,<br>76600 Le Havre<br>Francia<\/p>\n\n\n\n<p class=\"has-text-align-center\">&nbsp;<strong><a href=\"mailto:comercial@digitalyacht.es\" data-type=\"mailto\" data-id=\"mailto:comercial@digitalyacht.es\">comercial@digitalyacht.es<\/a>&nbsp;<\/strong><\/p>\n\n\n\n<p class=\"has-text-align-center\">+33 (0)1 70 70 92 50<\/p>\n\n\n\n<p class=\"has-text-align-center\"><a href=\"https:\/\/digitalyacht.es\/\" data-type=\"link\" data-id=\"https:\/\/digitalyacht.es\/\" target=\"_blank\" rel=\"noreferrer noopener\"><strong>Visitar p\u00e1gina web<\/strong><\/a><\/p>\n<\/div>\n<\/div>\n\n\t<\/div>\n<\/div>\n\n\t\t\t<\/div>\n\t\t<\/div>\n\t<\/div>\n\n\t","protected":false},"excerpt":{"rendered":"","protected":false},"author":1,"featured_media":0,"parent":0,"menu_order":0,"comment_status":"closed","ping_status":"closed","template":"template-canvas-fullwidth.php","meta":{"iawp_total_views":72,"csco_singular_sidebar":"disabled","csco_page_header_type":"none","csco_appearance_masonry":"","csco_page_load_nextpost":"","csco_post_subtitle":"","csco_post_video_location":[],"csco_post_video_location_hash":"","csco_post_video_url":"","csco_post_video_bg_start_time":0,"csco_post_video_bg_end_time":0,"footnotes":""},"class_list":{"0":"post-2831","1":"page","2":"type-page","3":"status-publish","5":"cs-entry","6":"cs-video-wrap"},"yoast_head":"<!-- This site is optimized with the Yoast SEO plugin v27.3 - https:\/\/yoast.com\/product\/yoast-seo-wordpress\/ -->\n<title>Contacto - Digital Yacht Spanish Blog<\/title>\n<meta name=\"robots\" content=\"index, follow, max-snippet:-1, max-image-preview:large, max-video-preview:-1\" \/>\n<link rel=\"canonical\" href=\"https:\/\/digitalyacht.es\/blog\/contacto\/\" \/>\n<meta property=\"og:locale\" content=\"es_ES\" \/>\n<meta property=\"og:type\" content=\"article\" \/>\n<meta property=\"og:title\" content=\"Contacto - Digital Yacht Spanish Blog\" \/>\n<meta property=\"og:url\" content=\"https:\/\/digitalyacht.es\/blog\/contacto\/\" \/>\n<meta property=\"og:site_name\" content=\"Digital Yacht Spanish Blog\" \/>\n<meta property=\"article:modified_time\" content=\"2025-06-20T04:38:39+00:00\" \/>\n<meta name=\"twitter:card\" content=\"summary_large_image\" \/>\n<meta name=\"twitter:label1\" content=\"Tiempo de lectura\" \/>\n\t<meta name=\"twitter:data1\" content=\"1 minuto\" \/>\n<script type=\"application\/ld+json\" class=\"yoast-schema-graph\">{\"@context\":\"https:\\\/\\\/schema.org\",\"@graph\":[{\"@type\":\"WebPage\",\"@id\":\"https:\\\/\\\/digitalyacht.es\\\/blog\\\/contacto\\\/\",\"url\":\"https:\\\/\\\/digitalyacht.es\\\/blog\\\/contacto\\\/\",\"name\":\"Contacto - Digital Yacht Spanish Blog\",\"isPartOf\":{\"@id\":\"https:\\\/\\\/digitalyacht.es\\\/blog\\\/#website\"},\"datePublished\":\"2018-12-18T08:59:44+00:00\",\"dateModified\":\"2025-06-20T04:38:39+00:00\",\"breadcrumb\":{\"@id\":\"https:\\\/\\\/digitalyacht.es\\\/blog\\\/contacto\\\/#breadcrumb\"},\"inLanguage\":\"es\",\"potentialAction\":[{\"@type\":\"ReadAction\",\"target\":[\"https:\\\/\\\/digitalyacht.es\\\/blog\\\/contacto\\\/\"]}]},{\"@type\":\"BreadcrumbList\",\"@id\":\"https:\\\/\\\/digitalyacht.es\\\/blog\\\/contacto\\\/#breadcrumb\",\"itemListElement\":[{\"@type\":\"ListItem\",\"position\":1,\"name\":\"Home\",\"item\":\"https:\\\/\\\/digitalyacht.es\\\/blog\\\/\"},{\"@type\":\"ListItem\",\"position\":2,\"name\":\"Contacto\"}]},{\"@type\":\"WebSite\",\"@id\":\"https:\\\/\\\/digitalyacht.es\\\/blog\\\/#website\",\"url\":\"https:\\\/\\\/digitalyacht.es\\\/blog\\\/\",\"name\":\"Digital Yacht Spanish Blog\",\"description\":\"\",\"potentialAction\":[{\"@type\":\"SearchAction\",\"target\":{\"@type\":\"EntryPoint\",\"urlTemplate\":\"https:\\\/\\\/digitalyacht.es\\\/blog\\\/?s={search_term_string}\"},\"query-input\":{\"@type\":\"PropertyValueSpecification\",\"valueRequired\":true,\"valueName\":\"search_term_string\"}}],\"inLanguage\":\"es\"}]}<\/script>\n<!-- \/ Yoast SEO plugin. -->","yoast_head_json":{"title":"Contacto - Digital Yacht Spanish Blog","robots":{"index":"index","follow":"follow","max-snippet":"max-snippet:-1","max-image-preview":"max-image-preview:large","max-video-preview":"max-video-preview:-1"},"canonical":"https:\/\/digitalyacht.es\/blog\/contacto\/","og_locale":"es_ES","og_type":"article","og_title":"Contacto - Digital Yacht Spanish Blog","og_url":"https:\/\/digitalyacht.es\/blog\/contacto\/","og_site_name":"Digital Yacht Spanish Blog","article_modified_time":"2025-06-20T04:38:39+00:00","twitter_card":"summary_large_image","twitter_misc":{"Tiempo de lectura":"1 minuto"},"schema":{"@context":"https:\/\/schema.org","@graph":[{"@type":"WebPage","@id":"https:\/\/digitalyacht.es\/blog\/contacto\/","url":"https:\/\/digitalyacht.es\/blog\/contacto\/","name":"Contacto - Digital Yacht Spanish Blog","isPartOf":{"@id":"https:\/\/digitalyacht.es\/blog\/#website"},"datePublished":"2018-12-18T08:59:44+00:00","dateModified":"2025-06-20T04:38:39+00:00","breadcrumb":{"@id":"https:\/\/digitalyacht.es\/blog\/contacto\/#breadcrumb"},"inLanguage":"es","potentialAction":[{"@type":"ReadAction","target":["https:\/\/digitalyacht.es\/blog\/contacto\/"]}]},{"@type":"BreadcrumbList","@id":"https:\/\/digitalyacht.es\/blog\/contacto\/#breadcrumb","itemListElement":[{"@type":"ListItem","position":1,"name":"Home","item":"https:\/\/digitalyacht.es\/blog\/"},{"@type":"ListItem","position":2,"name":"Contacto"}]},{"@type":"WebSite","@id":"https:\/\/digitalyacht.es\/blog\/#website","url":"https:\/\/digitalyacht.es\/blog\/","name":"Digital Yacht Spanish Blog","description":"","potentialAction":[{"@type":"SearchAction","target":{"@type":"EntryPoint","urlTemplate":"https:\/\/digitalyacht.es\/blog\/?s={search_term_string}"},"query-input":{"@type":"PropertyValueSpecification","valueRequired":true,"valueName":"search_term_string"}}],"inLanguage":"es"}]}},"_links":{"self":[{"href":"https:\/\/digitalyacht.es\/blog\/wp-json\/wp\/v2\/pages\/2831","targetHints":{"allow":["GET"]}}],"collection":[{"href":"https:\/\/digitalyacht.es\/blog\/wp-json\/wp\/v2\/pages"}],"about":[{"href":"https:\/\/digitalyacht.es\/blog\/wp-json\/wp\/v2\/types\/page"}],"author":[{"embeddable":true,"href":"https:\/\/digitalyacht.es\/blog\/wp-json\/wp\/v2\/users\/1"}],"replies":[{"embeddable":true,"href":"https:\/\/digitalyacht.es\/blog\/wp-json\/wp\/v2\/comments?post=2831"}],"version-history":[{"count":7,"href":"https:\/\/digitalyacht.es\/blog\/wp-json\/wp\/v2\/pages\/2831\/revisions"}],"predecessor-version":[{"id":12284,"href":"https:\/\/digitalyacht.es\/blog\/wp-json\/wp\/v2\/pages\/2831\/revisions\/12284"}],"wp:attachment":[{"href":"https:\/\/digitalyacht.es\/blog\/wp-json\/wp\/v2\/media?parent=2831"}],"curies":[{"name":"wp","href":"https:\/\/api.w.org\/{rel}","templated":true}]}}