{"id":4382,"date":"2022-01-14T14:45:08","date_gmt":"2022-01-14T12:45:08","guid":{"rendered":"https:\/\/digitalyacht.es\/blog\/?page_id=4382"},"modified":"2024-04-03T13:11:18","modified_gmt":"2024-04-03T11:11:18","slug":"un-dispositivo-nmea-2000-de-digital-yacht-a-una-red-nmea-2000","status":"publish","type":"page","link":"https:\/\/digitalyacht.es\/blog\/un-dispositivo-nmea-2000-de-digital-yacht-a-una-red-nmea-2000\/","title":{"rendered":"Un dispositivo NMEA 2000 de Digital Yacht a una red NMEA 2000"},"content":{"rendered":"\t<div class=\"cnvs-block-section cnvs-block-section-1712142375718 cnvs-block-section-layout-full cnvs-block-section-fullwidth\" >\n\t\t<div class=\"cnvs-block-section-outer\" style=\"\">\n\t\t\t<div class=\"cnvs-block-section-inner\">\n\t\t\t\t\n\n<div class=\"cnvs-block-section-content cnvs-block-section-content-1712142379711\" >\n\t<div class=\"cnvs-block-section-content-inner\">\n\t\t\n\n<h2 class=\"wp-block-heading has-text-align-center\"><strong>\u00bfC\u00f3mo conectar un dispositivo NMEA 2000 a una red NMEA 2000?<\/strong><\/h2>\n\n\n\n<p class=\"has-text-align-center\">Descubra c\u00f3mo conectar cualquier producto de Digital Yacht a una red NMEA 2000.<\/p>\n\n\n\n<p class=\"has-text-align-center\">Busque su tipo de red NMEA 2000 y encontrar\u00e1 el esquema de cableado que explica c\u00f3mo conectar el producto Digital Yacht a su sistema de navegaci\u00f3n. Si tiene una red NMEA 2000 con conectores est\u00e1ndar, consulte la secci\u00f3n de la red NMEA 2000 de Digital Yacht o Garmin.<\/p>\n\n\n\n<p class=\"has-text-align-center\">Algunos de los principales fabricantes, como Raymarine, Simrad y Lowrance, ten\u00edan inicialmente sus propios conectores NMEA 2000 (SimNet, SeaTalkNG, etc.) que requer\u00edan cables adaptadores. La buena noticia es que ahora todos los principales fabricantes han adoptado los \u00abmicro\u00bb conectores M12, que son los conectores NMEA 2000 est\u00e1ndar.<\/p>\n\n\n\n<p class=\"has-text-align-center\">No se puede simplemente conectar un dispositivo NMEA 2000 a otro dispositivo uni\u00e9ndolos directamente con un cable NMEA 2000. Para que la comunicaci\u00f3n entre los dispositivos sea correcta, ambos tienen que estar conectados a una red NMEA 2000.<\/p>\n\n\n<div class=\"wp-block-image\">\n<figure class=\"aligncenter is-resized\"><img  decoding=\"async\"  src=\"data:image\/png;base64,iVBORw0KGgoAAAANSUhEUgAAAAEAAAABAQMAAAAl21bKAAAAA1BMVEUAAP+KeNJXAAAAAXRSTlMAQObYZgAAAAlwSFlzAAAOxAAADsQBlSsOGwAAAApJREFUCNdjYAAAAAIAAeIhvDMAAAAASUVORK5CYII=\"  alt=\"\"  class=\"wp-image-10050 pk-lazyload\"  style=\"width:500px\"  data-pk-sizes=\"auto\"  data-pk-src=\"https:\/\/digitalyacht.net\/wp-content\/uploads\/2020\/04\/N2K-mistake-AIT2000-and-MFD.png\" ><\/figure>\n<\/div>\n\n\n<p class=\"has-text-align-center\">Si esta lista no incluye su sistema de navegaci\u00f3n, p\u00f3ngase en contacto con nosotros por correo electr\u00f3nico. Sin embargo, en general las redes NMEA 2000 son muy similares entre s\u00ed.<\/p>\n\n\n\n<input id=\"InputDocsWLN\" class=\"InputDocsBar\" style=\"background-color: #f1f1f1; padding: 13px; width: 800px; margin: 10px auto; border-radius: 5px;\" type=\"text\" placeholder=\"Busque su red NMEA 2000...\" \/>\n<script type=\"text\/javascript\">\njQuery(document).ready(function(){\n  jQuery(\"#InputDocsWLN\").on(\"keyup\", function() {\n    var value = jQuery(this).val().toLowerCase();\n    jQuery(\".hrf-title\").filter(function() {\n      jQuery(this).toggle(jQuery(this).text().toLowerCase().indexOf(value) > -1)\n    });\n  });\n});\n<\/script>\n\n\n<div class=\"hrf-faq-list\"><article class=\"hrf-entry\" id=\"hrf-entry-10042\">\n                      <h3 class=\"hrf-title close-faq\" data-content-id=\"hrf-content-10042\"><span><\/span>Digital Yacht Kit de cableado NMEA2000<\/h3>\n                     <div class=\"hrf-content\" id=\"hrf-content-10042\">En este art\u00edculo les explicamos c\u00f3mo instalar un <a href=\"https:\/\/digitalyacht.es\/producto\/navlink2\/\" target=\"_blank\" rel=\"noopener\">conversor NMEA 2000 WiFi NavLink2<\/a> en una red NMEA 2000 de Digital Yacht.\r\n\r\nDigital Yacht ha presentado un <a href=\"https:\/\/digitalyacht.es\/producto\/kit-nmea2000\/\" target=\"_blank\" rel=\"noopener\">kit de cableado NMEA2000<\/a> de bajo coste que permite conectar hasta 3 instrumentos, por ejemplo un AIS, un plotter y un piloto autom\u00e1tico. Este kit incluye el cable de alimentaci\u00f3n y conectores met\u00e1licos niquelados de alta calidad, cuya calidad es superior a los conectores b\u00e1sicos de pl\u00e1stico. La red cuenta con 6 extensiones \u00fanicas con terminadores en cada extremo de la red. Un kit sencillo y completo que puede conectarse con todas las grandes marcas. Adem\u00e1s, este kit puede ampliarse f\u00e1cilmente a\u00f1adiendo otro kit de cableado Digital Yacht.\r\n\r\nEl kit de cableado NMEA 2000 de Digital Yacht utiliza conectores NMEA 2000 est\u00e1ndar. Esto significa que no necesitara ning\u00fan adaptador especial para conectar un equipo NMEA 2000 al kit de cableado NMEA 2000 de Digital Yacht.\r\n\r\nPara conectar el NavLink2, solo tiene que conectar el cable NMEA 2000 del NavLink2 directamente a un conector T libre de la red NMEA 2000 de Digital Yacht. El NavLink2 se alimentar\u00e1 directamente de la red y transmitir\u00e1 todos los datos de la red NMEA 2000 a las aplicaciones y programas de navegaci\u00f3n.\r\n\r\nAunque en esta secci\u00f3n hablamos del NavLink2, la instalaci\u00f3n es la misma para el resto de nuestros productos que tienen una interfaz NMEA 2000 (como nuestros transpondedores AIS).\r\n\r\n<img  loading=\"lazy\"  decoding=\"async\"  class=\"aligncenter wp-image-10049 pk-lazyload\"  src=\"data:image\/png;base64,iVBORw0KGgoAAAANSUhEUgAAAAEAAAABAQMAAAAl21bKAAAAA1BMVEUAAP+KeNJXAAAAAXRSTlMAQObYZgAAAAlwSFlzAAAOxAAADsQBlSsOGwAAAApJREFUCNdjYAAAAAIAAeIhvDMAAAAASUVORK5CYII=\"  alt=\"Connecting a Navlink2 to a Digital Yacht NMEA 2000 Starter kit\"  width=\"498\"  height=\"325\"  data-pk-sizes=\"auto\"  data-pk-src=\"https:\/\/digitalyacht.net\/wp-content\/uploads\/2020\/04\/N2K-Starter-Kit-with-NavLink2-and-MFD.png\" >\r\n\r\nSi quiere instalar una red NMEA 2000 m\u00e1s grande y quiere tener m\u00e1s conectores, puede enlazar dos kits de cableado NMEA 2000 de Digital Yacht directamente entre s\u00ed o mediante un cable puente.\r\n\r\n<img  loading=\"lazy\"  decoding=\"async\"  class=\"aligncenter wp-image-10048 pk-lazyload\"  src=\"data:image\/png;base64,iVBORw0KGgoAAAANSUhEUgAAAAEAAAABAQMAAAAl21bKAAAAA1BMVEUAAP+KeNJXAAAAAXRSTlMAQObYZgAAAAlwSFlzAAAOxAAADsQBlSsOGwAAAApJREFUCNdjYAAAAAIAAeIhvDMAAAAASUVORK5CYII=\"  alt=\"\"  width=\"396\"  height=\"304\"  data-pk-sizes=\"auto\"  data-pk-src=\"https:\/\/digitalyacht.net\/wp-content\/uploads\/2020\/04\/NMEA-2000-starter-kit-extended.jpg\" ><\/div>\n                  <\/article><article class=\"hrf-entry\" id=\"hrf-entry-10037\">\n                      <h3 class=\"hrf-title close-faq\" data-content-id=\"hrf-content-10037\"><span><\/span>Garmin NMEA 2000<\/h3>\n                     <div class=\"hrf-content\" id=\"hrf-content-10037\"><p>A continuaci\u00f3n les explicamos c\u00f3mo conectar el conversor WiFi-NMEA 2000 NavLink2 a una red NMEA 2000 de Garmin.<\/p>\n<p>Garmin ha adoptado el conector NMEA2000 est\u00e1ndar en lugar de utilizar su propio conector, por lo que conectar el NavlinK2 a una red NMEA 2000 de Garmin es a\u00fan m\u00e1s sencillo y no requiere adaptadores especiales.<\/p>\n<p>S\u00f3lo tiene que encontrar o a\u00f1adir un conector T libre y conectar el cable Navlink2 directamente a este conector T de la red NMEA 2000. El NavLink2 se alimentar\u00e1 de esta red y transmitir\u00e1 todos los datos NMEA 2000 de la red v\u00eda WiFi a sus aplicaciones y programas de navegaci\u00f3n.<\/p>\n<p>Aunque en esta secci\u00f3n hablamos del NavLink2, la instalaci\u00f3n es la misma para el resto de nuestros productos que tienen una interfaz NMEA 2000 (como nuestros transpondedores AIS).<\/p>\n<p><img  loading=\"lazy\"  decoding=\"async\"  class=\"aligncenter wp-image-10038 pk-lazyload\"  src=\"data:image\/png;base64,iVBORw0KGgoAAAANSUhEUgAAAAEAAAABAQMAAAAl21bKAAAAA1BMVEUAAP+KeNJXAAAAAXRSTlMAQObYZgAAAAlwSFlzAAAOxAAADsQBlSsOGwAAAApJREFUCNdjYAAAAAIAAeIhvDMAAAAASUVORK5CYII=\"  alt=\"Installing a NMEA 2000 to WiFI server on a Garmin NMEA 2000 network\"  width=\"502\"  height=\"305\"  data-pk-sizes=\"auto\"  data-pk-src=\"https:\/\/digitalyacht.net\/wp-content\/uploads\/2020\/04\/Garmin-NavLink2.png\" ><\/p>\n<\/div>\n                  <\/article><article class=\"hrf-entry\" id=\"hrf-entry-10035\">\n                      <h3 class=\"hrf-title close-faq\" data-content-id=\"hrf-content-10035\"><span><\/span>Raymarine SeaTalkNG<\/h3>\n                     <div class=\"hrf-content\" id=\"hrf-content-10035\"><p>A continuaci\u00f3n les explicamos c\u00f3mo conectar el conversor WiFi-NMEA 2000 NavLink2 a una red SeaTalkNG de Raymarine.<\/p>\n<p>El siguiente esquema muestra c\u00f3mo puede conectar el NavLink2 a la red SeaTalkNG de Raymarine con, por ejemplo, el chartplotter A65, uno de los primeros chartplotters de Raymarine que utiliza \u00fanicamente una red NMEA2000 (SeaTalkNG).<\/p>\n<p>La interfaz NMEA 2000 creada por Raymarine se llama SeaTalkNG. Esta interfaz es totalmente compatible con el NMEA 2000, pero requiere sus propios conectores. La red SeaTalkNG tambi\u00e9n tiene mensajes PGN adicionales.<\/p>\n<p>Para conectar el conversor WiFi NMEA 2000 NavLink2 a la red Raymarine, es necesario adquirir el cable adaptador de Raymarine: SeaTalkNG to Device Net (NMEA2000) versi\u00f3n hembra. Este cable permite conectar un cable con un conector NMEA 2000 est\u00e1ndar a una red con conectores SeaTalkNG. Necesitar\u00e1 la versi\u00f3n hembra de este cable y el adaptador cuesta unos 25\u20ac.<\/p>\n<p>Despu\u00e9s de conectar este cable a la red, tendr\u00e1 que conectar el cable NMEA 2000 del NavLink2 al cable (vease el esquema debajo). El NavLink2 se autoalimentar\u00e1 de la red SeaTalkNG y transmitir\u00e1 todos los datos de la red SeaTalkNG a las aplicaciones y programas de navegaci\u00f3n.<\/p>\n<p>Aunque en esta secci\u00f3n nos refiramos al NavLink2, la instalaci\u00f3n es la misma para el resto de nuestros productos que tienen una interfaz NMEA 2000 (como nuestros transpondedores AIS).<\/p>\n<p><img  loading=\"lazy\"  decoding=\"async\"  class=\"aligncenter wp-image-10036 pk-lazyload\"  src=\"data:image\/png;base64,iVBORw0KGgoAAAANSUhEUgAAAAEAAAABAQMAAAAl21bKAAAAA1BMVEUAAP+KeNJXAAAAAXRSTlMAQObYZgAAAAlwSFlzAAAOxAAADsQBlSsOGwAAAApJREFUCNdjYAAAAAIAAeIhvDMAAAAASUVORK5CYII=\"  alt=\"Interface a NavLink2 NMEA 2000 to WiFI server on a Seatalk NG network\"  width=\"468\"  height=\"374\"  data-pk-sizes=\"auto\"  data-pk-src=\"https:\/\/digitalyacht.net\/wp-content\/uploads\/2020\/04\/Seatalk-NG-Navlink2.png\" ><\/p>\n<\/div>\n                  <\/article><article class=\"hrf-entry\" id=\"hrf-entry-10033\">\n                      <h3 class=\"hrf-title close-faq\" data-content-id=\"hrf-content-10033\"><span><\/span>Simrad SimNet<\/h3>\n                     <div class=\"hrf-content\" id=\"hrf-content-10033\"><p>A continuaci\u00f3n les explicamos c\u00f3mo conectar el conversor WiFi NMEA 2000 NavLink2 a una red Simnet de Simrad.<\/p>\n<p>Simrad ha creado su propio conector para la red NMEA2000, llamado SimNet. Por lo tanto, para conectar nuestro NavLink2 necesitar\u00e1 un adaptador \u00abcable SimNet a NMEA2000 (Simrad P.\/N\u00ba 24006199)\u00bb.<\/p>\n<p>Una vez que tenga el adaptador, simplemente con\u00e9ctelo al cable NMEA2000 que se suministra con nuestro NavLink2 y conecte el conector Simnet del adaptador a la red.<\/p>\n<p>El NavLink2 se alimentar\u00e1 de la red SimNet y transmitir\u00e1 todos los datos de la red Simnet a las aplicaciones y programas de navegaci\u00f3n.<\/p>\n<p>Tenga en cuenta tambi\u00e9n que los \u00faltimos plotters Zeus de B&amp;G utilizan la red SimNet, por lo que nuestro NavLink2 funcionar\u00e1 con estos plotters con el mismo cable adaptador.<\/p>\n<p>Aunque en esta secci\u00f3n nos refiramos al NavLink2, la instalaci\u00f3n es la misma para el resto de nuestros productos que tienen una interfaz NMEA 2000 (como nuestros transpondedores AIS).<\/p>\n<p><img  loading=\"lazy\"  decoding=\"async\"  class=\"aligncenter wp-image-10034 pk-lazyload\"  src=\"data:image\/png;base64,iVBORw0KGgoAAAANSUhEUgAAAAEAAAABAQMAAAAl21bKAAAAA1BMVEUAAP+KeNJXAAAAAXRSTlMAQObYZgAAAAlwSFlzAAAOxAAADsQBlSsOGwAAAApJREFUCNdjYAAAAAIAAeIhvDMAAAAASUVORK5CYII=\"  alt=\"Interface Navlink2 to a Simnet network\"  width=\"550\"  height=\"333\"  data-pk-sizes=\"auto\"  data-pk-src=\"https:\/\/digitalyacht.net\/wp-content\/uploads\/2020\/04\/Simnet-navlink2.png\" ><\/p>\n<\/div>\n                  <\/article><article style = \"display:block;text-align:right; font-size:11px\">Powered by <a href=\"https:\/\/websitebuilderguide.com\/wp-plugins\/html5-responsive-faq-plugin-for-wordpress\/\" target=\"_blank\">HTML5 Responsive FAQ<\/a><\/article><\/div><!-- HRF v 2.8.4 -->\n\n\t<\/div>\n<\/div>\n\n\t\t\t<\/div>\n\t\t<\/div>\n\t<\/div>\n\n\t","protected":false},"excerpt":{"rendered":"","protected":false},"author":1,"featured_media":0,"parent":0,"menu_order":0,"comment_status":"closed","ping_status":"closed","template":"template-canvas-fullwidth.php","meta":{"iawp_total_views":391,"csco_singular_sidebar":"disabled","csco_page_header_type":"none","csco_appearance_masonry":"","csco_page_load_nextpost":"","csco_post_subtitle":"","csco_post_video_location":[],"csco_post_video_location_hash":"","csco_post_video_url":"","csco_post_video_bg_start_time":0,"csco_post_video_bg_end_time":0,"footnotes":""},"class_list":{"0":"post-4382","1":"page","2":"type-page","3":"status-publish","5":"cs-entry","6":"cs-video-wrap"},"yoast_head":"<!-- This site is optimized with the Yoast SEO plugin v27.3 - https:\/\/yoast.com\/product\/yoast-seo-wordpress\/ -->\n<title>Conectar a una red NMEA 2000 un dispositivo NMEA 2000 - Digital Yacht<\/title>\n<meta name=\"description\" content=\"Descubra c\u00f3mo conectar a una red NMEA 2000 un dispositivo con NMEA 2000 de Digital Yacht. Busque aqui su red NMEA 2000: NMEA estandar, Simnet, SeaTalkng...\" \/>\n<meta name=\"robots\" content=\"index, follow, max-snippet:-1, max-image-preview:large, max-video-preview:-1\" \/>\n<link rel=\"canonical\" href=\"https:\/\/digitalyacht.es\/blog\/un-dispositivo-nmea-2000-de-digital-yacht-a-una-red-nmea-2000\/\" \/>\n<meta property=\"og:locale\" content=\"es_ES\" \/>\n<meta property=\"og:type\" content=\"article\" \/>\n<meta property=\"og:title\" content=\"Conectar a una red NMEA 2000 un dispositivo NMEA 2000 - Digital Yacht\" \/>\n<meta property=\"og:description\" content=\"Descubra c\u00f3mo conectar a una red NMEA 2000 un dispositivo con NMEA 2000 de Digital Yacht. Busque aqui su red NMEA 2000: NMEA estandar, Simnet, SeaTalkng...\" \/>\n<meta property=\"og:url\" content=\"https:\/\/digitalyacht.es\/blog\/un-dispositivo-nmea-2000-de-digital-yacht-a-una-red-nmea-2000\/\" \/>\n<meta property=\"og:site_name\" content=\"Digital Yacht Spanish Blog\" \/>\n<meta property=\"article:modified_time\" content=\"2024-04-03T11:11:18+00:00\" \/>\n<meta property=\"og:image\" content=\"https:\/\/digitalyacht.net\/wp-content\/uploads\/2020\/04\/N2K-mistake-AIT2000-and-MFD.png\" \/>\n<meta name=\"twitter:card\" content=\"summary_large_image\" \/>\n<meta name=\"twitter:label1\" content=\"Tiempo de lectura\" \/>\n\t<meta name=\"twitter:data1\" content=\"1 minuto\" \/>\n<script type=\"application\/ld+json\" class=\"yoast-schema-graph\">{\"@context\":\"https:\\\/\\\/schema.org\",\"@graph\":[{\"@type\":\"WebPage\",\"@id\":\"https:\\\/\\\/digitalyacht.es\\\/blog\\\/un-dispositivo-nmea-2000-de-digital-yacht-a-una-red-nmea-2000\\\/\",\"url\":\"https:\\\/\\\/digitalyacht.es\\\/blog\\\/un-dispositivo-nmea-2000-de-digital-yacht-a-una-red-nmea-2000\\\/\",\"name\":\"Conectar a una red NMEA 2000 un dispositivo NMEA 2000 - Digital Yacht\",\"isPartOf\":{\"@id\":\"https:\\\/\\\/digitalyacht.es\\\/blog\\\/#website\"},\"primaryImageOfPage\":{\"@id\":\"https:\\\/\\\/digitalyacht.es\\\/blog\\\/un-dispositivo-nmea-2000-de-digital-yacht-a-una-red-nmea-2000\\\/#primaryimage\"},\"image\":{\"@id\":\"https:\\\/\\\/digitalyacht.es\\\/blog\\\/un-dispositivo-nmea-2000-de-digital-yacht-a-una-red-nmea-2000\\\/#primaryimage\"},\"thumbnailUrl\":\"https:\\\/\\\/digitalyacht.net\\\/wp-content\\\/uploads\\\/2020\\\/04\\\/N2K-mistake-AIT2000-and-MFD.png\",\"datePublished\":\"2022-01-14T12:45:08+00:00\",\"dateModified\":\"2024-04-03T11:11:18+00:00\",\"description\":\"Descubra c\u00f3mo conectar a una red NMEA 2000 un dispositivo con NMEA 2000 de Digital Yacht. Busque aqui su red NMEA 2000: NMEA estandar, Simnet, SeaTalkng...\",\"breadcrumb\":{\"@id\":\"https:\\\/\\\/digitalyacht.es\\\/blog\\\/un-dispositivo-nmea-2000-de-digital-yacht-a-una-red-nmea-2000\\\/#breadcrumb\"},\"inLanguage\":\"es\",\"potentialAction\":[{\"@type\":\"ReadAction\",\"target\":[\"https:\\\/\\\/digitalyacht.es\\\/blog\\\/un-dispositivo-nmea-2000-de-digital-yacht-a-una-red-nmea-2000\\\/\"]}]},{\"@type\":\"ImageObject\",\"inLanguage\":\"es\",\"@id\":\"https:\\\/\\\/digitalyacht.es\\\/blog\\\/un-dispositivo-nmea-2000-de-digital-yacht-a-una-red-nmea-2000\\\/#primaryimage\",\"url\":\"https:\\\/\\\/digitalyacht.net\\\/wp-content\\\/uploads\\\/2020\\\/04\\\/N2K-mistake-AIT2000-and-MFD.png\",\"contentUrl\":\"https:\\\/\\\/digitalyacht.net\\\/wp-content\\\/uploads\\\/2020\\\/04\\\/N2K-mistake-AIT2000-and-MFD.png\"},{\"@type\":\"BreadcrumbList\",\"@id\":\"https:\\\/\\\/digitalyacht.es\\\/blog\\\/un-dispositivo-nmea-2000-de-digital-yacht-a-una-red-nmea-2000\\\/#breadcrumb\",\"itemListElement\":[{\"@type\":\"ListItem\",\"position\":1,\"name\":\"Home\",\"item\":\"https:\\\/\\\/digitalyacht.es\\\/blog\\\/\"},{\"@type\":\"ListItem\",\"position\":2,\"name\":\"Un dispositivo NMEA 2000 de Digital Yacht a una red NMEA 2000\"}]},{\"@type\":\"WebSite\",\"@id\":\"https:\\\/\\\/digitalyacht.es\\\/blog\\\/#website\",\"url\":\"https:\\\/\\\/digitalyacht.es\\\/blog\\\/\",\"name\":\"Digital Yacht Spanish Blog\",\"description\":\"\",\"potentialAction\":[{\"@type\":\"SearchAction\",\"target\":{\"@type\":\"EntryPoint\",\"urlTemplate\":\"https:\\\/\\\/digitalyacht.es\\\/blog\\\/?s={search_term_string}\"},\"query-input\":{\"@type\":\"PropertyValueSpecification\",\"valueRequired\":true,\"valueName\":\"search_term_string\"}}],\"inLanguage\":\"es\"}]}<\/script>\n<!-- \/ Yoast SEO plugin. -->","yoast_head_json":{"title":"Conectar a una red NMEA 2000 un dispositivo NMEA 2000 - Digital Yacht","description":"Descubra c\u00f3mo conectar a una red NMEA 2000 un dispositivo con NMEA 2000 de Digital Yacht. Busque aqui su red NMEA 2000: NMEA estandar, Simnet, SeaTalkng...","robots":{"index":"index","follow":"follow","max-snippet":"max-snippet:-1","max-image-preview":"max-image-preview:large","max-video-preview":"max-video-preview:-1"},"canonical":"https:\/\/digitalyacht.es\/blog\/un-dispositivo-nmea-2000-de-digital-yacht-a-una-red-nmea-2000\/","og_locale":"es_ES","og_type":"article","og_title":"Conectar a una red NMEA 2000 un dispositivo NMEA 2000 - Digital Yacht","og_description":"Descubra c\u00f3mo conectar a una red NMEA 2000 un dispositivo con NMEA 2000 de Digital Yacht. Busque aqui su red NMEA 2000: NMEA estandar, Simnet, SeaTalkng...","og_url":"https:\/\/digitalyacht.es\/blog\/un-dispositivo-nmea-2000-de-digital-yacht-a-una-red-nmea-2000\/","og_site_name":"Digital Yacht Spanish Blog","article_modified_time":"2024-04-03T11:11:18+00:00","og_image":[{"url":"https:\/\/digitalyacht.net\/wp-content\/uploads\/2020\/04\/N2K-mistake-AIT2000-and-MFD.png","type":"","width":"","height":""}],"twitter_card":"summary_large_image","twitter_misc":{"Tiempo de lectura":"1 minuto"},"schema":{"@context":"https:\/\/schema.org","@graph":[{"@type":"WebPage","@id":"https:\/\/digitalyacht.es\/blog\/un-dispositivo-nmea-2000-de-digital-yacht-a-una-red-nmea-2000\/","url":"https:\/\/digitalyacht.es\/blog\/un-dispositivo-nmea-2000-de-digital-yacht-a-una-red-nmea-2000\/","name":"Conectar a una red NMEA 2000 un dispositivo NMEA 2000 - Digital Yacht","isPartOf":{"@id":"https:\/\/digitalyacht.es\/blog\/#website"},"primaryImageOfPage":{"@id":"https:\/\/digitalyacht.es\/blog\/un-dispositivo-nmea-2000-de-digital-yacht-a-una-red-nmea-2000\/#primaryimage"},"image":{"@id":"https:\/\/digitalyacht.es\/blog\/un-dispositivo-nmea-2000-de-digital-yacht-a-una-red-nmea-2000\/#primaryimage"},"thumbnailUrl":"https:\/\/digitalyacht.net\/wp-content\/uploads\/2020\/04\/N2K-mistake-AIT2000-and-MFD.png","datePublished":"2022-01-14T12:45:08+00:00","dateModified":"2024-04-03T11:11:18+00:00","description":"Descubra c\u00f3mo conectar a una red NMEA 2000 un dispositivo con NMEA 2000 de Digital Yacht. Busque aqui su red NMEA 2000: NMEA estandar, Simnet, SeaTalkng...","breadcrumb":{"@id":"https:\/\/digitalyacht.es\/blog\/un-dispositivo-nmea-2000-de-digital-yacht-a-una-red-nmea-2000\/#breadcrumb"},"inLanguage":"es","potentialAction":[{"@type":"ReadAction","target":["https:\/\/digitalyacht.es\/blog\/un-dispositivo-nmea-2000-de-digital-yacht-a-una-red-nmea-2000\/"]}]},{"@type":"ImageObject","inLanguage":"es","@id":"https:\/\/digitalyacht.es\/blog\/un-dispositivo-nmea-2000-de-digital-yacht-a-una-red-nmea-2000\/#primaryimage","url":"https:\/\/digitalyacht.net\/wp-content\/uploads\/2020\/04\/N2K-mistake-AIT2000-and-MFD.png","contentUrl":"https:\/\/digitalyacht.net\/wp-content\/uploads\/2020\/04\/N2K-mistake-AIT2000-and-MFD.png"},{"@type":"BreadcrumbList","@id":"https:\/\/digitalyacht.es\/blog\/un-dispositivo-nmea-2000-de-digital-yacht-a-una-red-nmea-2000\/#breadcrumb","itemListElement":[{"@type":"ListItem","position":1,"name":"Home","item":"https:\/\/digitalyacht.es\/blog\/"},{"@type":"ListItem","position":2,"name":"Un dispositivo NMEA 2000 de Digital Yacht a una red NMEA 2000"}]},{"@type":"WebSite","@id":"https:\/\/digitalyacht.es\/blog\/#website","url":"https:\/\/digitalyacht.es\/blog\/","name":"Digital Yacht Spanish Blog","description":"","potentialAction":[{"@type":"SearchAction","target":{"@type":"EntryPoint","urlTemplate":"https:\/\/digitalyacht.es\/blog\/?s={search_term_string}"},"query-input":{"@type":"PropertyValueSpecification","valueRequired":true,"valueName":"search_term_string"}}],"inLanguage":"es"}]}},"_links":{"self":[{"href":"https:\/\/digitalyacht.es\/blog\/wp-json\/wp\/v2\/pages\/4382","targetHints":{"allow":["GET"]}}],"collection":[{"href":"https:\/\/digitalyacht.es\/blog\/wp-json\/wp\/v2\/pages"}],"about":[{"href":"https:\/\/digitalyacht.es\/blog\/wp-json\/wp\/v2\/types\/page"}],"author":[{"embeddable":true,"href":"https:\/\/digitalyacht.es\/blog\/wp-json\/wp\/v2\/users\/1"}],"replies":[{"embeddable":true,"href":"https:\/\/digitalyacht.es\/blog\/wp-json\/wp\/v2\/comments?post=4382"}],"version-history":[{"count":9,"href":"https:\/\/digitalyacht.es\/blog\/wp-json\/wp\/v2\/pages\/4382\/revisions"}],"predecessor-version":[{"id":11936,"href":"https:\/\/digitalyacht.es\/blog\/wp-json\/wp\/v2\/pages\/4382\/revisions\/11936"}],"wp:attachment":[{"href":"https:\/\/digitalyacht.es\/blog\/wp-json\/wp\/v2\/media?parent=4382"}],"curies":[{"name":"wp","href":"https:\/\/api.w.org\/{rel}","templated":true}]}}